{"id":12,"date":"2023-06-06T11:42:48","date_gmt":"2023-06-06T09:42:48","guid":{"rendered":"https:\/\/www.stockholmwest.se\/?page_id=12"},"modified":"2024-04-19T10:25:53","modified_gmt":"2024-04-19T08:25:53","slug":"medlemskap","status":"publish","type":"page","link":"https:\/\/www.stockholmwest.se\/?page_id=12","title":{"rendered":"Medlemskap"},"content":{"rendered":"\n<p>Som medlem i f\u00f6reningen Stockholm West SC har du m\u00f6jlighet att delta p\u00e5 v\u00e5ra klubbkv\u00e4llar samt andra aktiviteter som klubbm\u00e4sterskapet och spel i serielaget.<\/p>\n\n\n\n<ul>\n<li>Medlemsavgiften f\u00f6r seniorer \u00e4r 300kr (september-september). F\u00f6r juniorer (upp till 18 \u00e5r) ing\u00e5r medlemskapet i tr\u00e4ningsavgiften.<\/li>\n\n\n\n<li>Inbetalning via Swish till 123 087 0576 alternativt klubbens bankkonto PG 680534-5 (ange ditt namn).<\/li>\n\n\n\n<li>F\u00f6r att kunna registrera en ny medlem beh\u00f6ver vi personnummer (f\u00f6r registrering i Svensk Idrotts gemensamma medlemsdatabas Idrott Online) samt mobilnummer. Uppgifterna skickas till\u00a0mailaddress nedan.<\/li>\n\n\n\n<li>N\u00e4r avgiften \u00e4r inbetald och klubben tagit emot uppgifterna s\u00e5 kommer man att f\u00e5 kallelser via mejl till v\u00e5ra tr\u00e4ningspass via plattformen&nbsp;<a href=\"http:\/\/bokat.se\/\" target=\"_blank\" rel=\"noreferrer noopener\">bokat.se<\/a>.<\/li>\n\n\n\n<li>T\u00e4vlingslicens (kr\u00e4vs f\u00f6r nationella t\u00e4vlingar) ing\u00e5r inte i medlemsavgiften.<\/li>\n<\/ul>\n\n\n\n<p>Vill du bli medlem h\u00f6r av dig till:<\/p>\n\n\n\n<figure class=\"wp-block-image size-full is-resized\"><img decoding=\"async\" loading=\"lazy\" src=\"https:\/\/www.stockholmwest.se\/wp-content\/uploads\/2024\/04\/infoAtStockholmWest.png\" alt=\"\" class=\"wp-image-98\" width=\"211\" height=\"36\"\/><\/figure>\n","protected":false},"excerpt":{"rendered":"<p>Som medlem i f\u00f6reningen Stockholm West SC har du m\u00f6jlighet att delta p\u00e5 v\u00e5ra klubbkv\u00e4llar samt andra aktiviteter som klubbm\u00e4sterskapet och spel i serielaget. Vill du bli medlem h\u00f6r av dig till:<\/p>\n","protected":false},"author":1,"featured_media":65,"parent":0,"menu_order":0,"comment_status":"closed","ping_status":"closed","template":"","meta":{"_mi_skip_tracking":false},"yoast_head":"<!-- This site is optimized with the Yoast SEO plugin v20.2.1 - https:\/\/yoast.com\/wordpress\/plugins\/seo\/ -->\n<title>Medlemskap - Stockholm West Squash Club<\/title>\n<meta name=\"robots\" content=\"index, follow, max-snippet:-1, max-image-preview:large, max-video-preview:-1\" \/>\n<link rel=\"canonical\" href=\"https:\/\/www.stockholmwest.se\/?page_id=12\" \/>\n<meta property=\"og:locale\" content=\"sv_SE\" \/>\n<meta property=\"og:type\" content=\"article\" \/>\n<meta property=\"og:title\" content=\"Medlemskap - Stockholm West Squash Club\" \/>\n<meta property=\"og:description\" content=\"Som medlem i f\u00f6reningen Stockholm West SC har du m\u00f6jlighet att delta p\u00e5 v\u00e5ra klubbkv\u00e4llar samt andra aktiviteter som klubbm\u00e4sterskapet och spel i serielaget. Vill du bli medlem h\u00f6r av dig till:\" \/>\n<meta property=\"og:url\" content=\"https:\/\/www.stockholmwest.se\/?page_id=12\" \/>\n<meta property=\"og:site_name\" content=\"Stockholm West Squash Club\" \/>\n<meta property=\"article:publisher\" content=\"https:\/\/www.facebook.com\/groups\/153496818182889\/\" \/>\n<meta property=\"article:modified_time\" content=\"2024-04-19T08:25:53+00:00\" \/>\n<meta property=\"og:image\" content=\"https:\/\/www.stockholmwest.se\/wp-content\/uploads\/2024\/04\/klubbkvall.jpg\" \/>\n\t<meta property=\"og:image:width\" content=\"2048\" \/>\n\t<meta property=\"og:image:height\" content=\"1480\" \/>\n\t<meta property=\"og:image:type\" content=\"image\/jpeg\" \/>\n<meta name=\"twitter:card\" content=\"summary_large_image\" \/>\n<meta name=\"twitter:label1\" content=\"Ber\u00e4knad l\u00e4stid\" \/>\n\t<meta name=\"twitter:data1\" content=\"1 minut\" \/>\n<script type=\"application\/ld+json\" class=\"yoast-schema-graph\">{\"@context\":\"https:\/\/schema.org\",\"@graph\":[{\"@type\":\"WebPage\",\"@id\":\"https:\/\/www.stockholmwest.se\/?page_id=12\",\"url\":\"https:\/\/www.stockholmwest.se\/?page_id=12\",\"name\":\"Medlemskap - Stockholm West Squash Club\",\"isPartOf\":{\"@id\":\"https:\/\/www.stockholmwest.se\/#website\"},\"datePublished\":\"2023-06-06T09:42:48+00:00\",\"dateModified\":\"2024-04-19T08:25:53+00:00\",\"breadcrumb\":{\"@id\":\"https:\/\/www.stockholmwest.se\/?page_id=12#breadcrumb\"},\"inLanguage\":\"sv-SE\",\"potentialAction\":[{\"@type\":\"ReadAction\",\"target\":[\"https:\/\/www.stockholmwest.se\/?page_id=12\"]}]},{\"@type\":\"BreadcrumbList\",\"@id\":\"https:\/\/www.stockholmwest.se\/?page_id=12#breadcrumb\",\"itemListElement\":[{\"@type\":\"ListItem\",\"position\":1,\"name\":\"Home\",\"item\":\"https:\/\/www.stockholmwest.se\/\"},{\"@type\":\"ListItem\",\"position\":2,\"name\":\"Medlemskap\"}]},{\"@type\":\"WebSite\",\"@id\":\"https:\/\/www.stockholmwest.se\/#website\",\"url\":\"https:\/\/www.stockholmwest.se\/\",\"name\":\"Stockholm West Squash Club\",\"description\":\"\",\"publisher\":{\"@id\":\"https:\/\/www.stockholmwest.se\/#organization\"},\"potentialAction\":[{\"@type\":\"SearchAction\",\"target\":{\"@type\":\"EntryPoint\",\"urlTemplate\":\"https:\/\/www.stockholmwest.se\/?s={search_term_string}\"},\"query-input\":\"required name=search_term_string\"}],\"inLanguage\":\"sv-SE\"},{\"@type\":\"Organization\",\"@id\":\"https:\/\/www.stockholmwest.se\/#organization\",\"name\":\"Stockholm West Squash Club\",\"url\":\"https:\/\/www.stockholmwest.se\/\",\"logo\":{\"@type\":\"ImageObject\",\"inLanguage\":\"sv-SE\",\"@id\":\"https:\/\/www.stockholmwest.se\/#\/schema\/logo\/image\/\",\"url\":\"https:\/\/www.stockholmwest.se\/wp-content\/uploads\/2023\/06\/Stockholm-West-SC-logo.jpg\",\"contentUrl\":\"https:\/\/www.stockholmwest.se\/wp-content\/uploads\/2023\/06\/Stockholm-West-SC-logo.jpg\",\"width\":116,\"height\":173,\"caption\":\"Stockholm West Squash Club\"},\"image\":{\"@id\":\"https:\/\/www.stockholmwest.se\/#\/schema\/logo\/image\/\"},\"sameAs\":[\"https:\/\/www.facebook.com\/groups\/153496818182889\/\"]}]}<\/script>\n<!-- \/ Yoast SEO plugin. -->","yoast_head_json":{"title":"Medlemskap - Stockholm West Squash Club","robots":{"index":"index","follow":"follow","max-snippet":"max-snippet:-1","max-image-preview":"max-image-preview:large","max-video-preview":"max-video-preview:-1"},"canonical":"https:\/\/www.stockholmwest.se\/?page_id=12","og_locale":"sv_SE","og_type":"article","og_title":"Medlemskap - Stockholm West Squash Club","og_description":"Som medlem i f\u00f6reningen Stockholm West SC har du m\u00f6jlighet att delta p\u00e5 v\u00e5ra klubbkv\u00e4llar samt andra aktiviteter som klubbm\u00e4sterskapet och spel i serielaget. Vill du bli medlem h\u00f6r av dig till:","og_url":"https:\/\/www.stockholmwest.se\/?page_id=12","og_site_name":"Stockholm West Squash Club","article_publisher":"https:\/\/www.facebook.com\/groups\/153496818182889\/","article_modified_time":"2024-04-19T08:25:53+00:00","og_image":[{"width":2048,"height":1480,"url":"https:\/\/www.stockholmwest.se\/wp-content\/uploads\/2024\/04\/klubbkvall.jpg","type":"image\/jpeg"}],"twitter_card":"summary_large_image","twitter_misc":{"Ber\u00e4knad l\u00e4stid":"1 minut"},"schema":{"@context":"https:\/\/schema.org","@graph":[{"@type":"WebPage","@id":"https:\/\/www.stockholmwest.se\/?page_id=12","url":"https:\/\/www.stockholmwest.se\/?page_id=12","name":"Medlemskap - Stockholm West Squash Club","isPartOf":{"@id":"https:\/\/www.stockholmwest.se\/#website"},"datePublished":"2023-06-06T09:42:48+00:00","dateModified":"2024-04-19T08:25:53+00:00","breadcrumb":{"@id":"https:\/\/www.stockholmwest.se\/?page_id=12#breadcrumb"},"inLanguage":"sv-SE","potentialAction":[{"@type":"ReadAction","target":["https:\/\/www.stockholmwest.se\/?page_id=12"]}]},{"@type":"BreadcrumbList","@id":"https:\/\/www.stockholmwest.se\/?page_id=12#breadcrumb","itemListElement":[{"@type":"ListItem","position":1,"name":"Home","item":"https:\/\/www.stockholmwest.se\/"},{"@type":"ListItem","position":2,"name":"Medlemskap"}]},{"@type":"WebSite","@id":"https:\/\/www.stockholmwest.se\/#website","url":"https:\/\/www.stockholmwest.se\/","name":"Stockholm West Squash Club","description":"","publisher":{"@id":"https:\/\/www.stockholmwest.se\/#organization"},"potentialAction":[{"@type":"SearchAction","target":{"@type":"EntryPoint","urlTemplate":"https:\/\/www.stockholmwest.se\/?s={search_term_string}"},"query-input":"required name=search_term_string"}],"inLanguage":"sv-SE"},{"@type":"Organization","@id":"https:\/\/www.stockholmwest.se\/#organization","name":"Stockholm West Squash Club","url":"https:\/\/www.stockholmwest.se\/","logo":{"@type":"ImageObject","inLanguage":"sv-SE","@id":"https:\/\/www.stockholmwest.se\/#\/schema\/logo\/image\/","url":"https:\/\/www.stockholmwest.se\/wp-content\/uploads\/2023\/06\/Stockholm-West-SC-logo.jpg","contentUrl":"https:\/\/www.stockholmwest.se\/wp-content\/uploads\/2023\/06\/Stockholm-West-SC-logo.jpg","width":116,"height":173,"caption":"Stockholm West Squash Club"},"image":{"@id":"https:\/\/www.stockholmwest.se\/#\/schema\/logo\/image\/"},"sameAs":["https:\/\/www.facebook.com\/groups\/153496818182889\/"]}]}},"_links":{"self":[{"href":"https:\/\/www.stockholmwest.se\/index.php?rest_route=\/wp\/v2\/pages\/12"}],"collection":[{"href":"https:\/\/www.stockholmwest.se\/index.php?rest_route=\/wp\/v2\/pages"}],"about":[{"href":"https:\/\/www.stockholmwest.se\/index.php?rest_route=\/wp\/v2\/types\/page"}],"author":[{"embeddable":true,"href":"https:\/\/www.stockholmwest.se\/index.php?rest_route=\/wp\/v2\/users\/1"}],"replies":[{"embeddable":true,"href":"https:\/\/www.stockholmwest.se\/index.php?rest_route=%2Fwp%2Fv2%2Fcomments&post=12"}],"version-history":[{"count":5,"href":"https:\/\/www.stockholmwest.se\/index.php?rest_route=\/wp\/v2\/pages\/12\/revisions"}],"predecessor-version":[{"id":109,"href":"https:\/\/www.stockholmwest.se\/index.php?rest_route=\/wp\/v2\/pages\/12\/revisions\/109"}],"wp:featuredmedia":[{"embeddable":true,"href":"https:\/\/www.stockholmwest.se\/index.php?rest_route=\/wp\/v2\/media\/65"}],"wp:attachment":[{"href":"https:\/\/www.stockholmwest.se\/index.php?rest_route=%2Fwp%2Fv2%2Fmedia&parent=12"}],"curies":[{"name":"wp","href":"https:\/\/api.w.org\/{rel}","templated":true}]}}