{"id":13,"date":"2023-06-06T11:42:48","date_gmt":"2023-06-06T09:42:48","guid":{"rendered":"https:\/\/www.stockholmwest.se\/?page_id=13"},"modified":"2025-11-12T19:57:41","modified_gmt":"2025-11-12T18:57:41","slug":"klubbkvallar","status":"publish","type":"page","link":"https:\/\/www.stockholmwest.se\/?page_id=13","title":{"rendered":"Klubbkv\u00e4llar"},"content":{"rendered":"\n<p>Vi arrangerar klubbkv\u00e4llar, ett tillf\u00e4lle f\u00f6r v\u00e5ra medlemmar att m\u00f6tas p\u00e5 banan och lira.<\/p>\n\n\n\n<p>Varje s\u00f6ndag mellan kl. 17.30 till 19.00 f\u00f6r alla medlemmar.<\/p>\n\n\n\n<p>P\u00e5 onsdagar har vi tv\u00e5 pass. Det f\u00f6rsta passet, fr\u00e5n 18.15 till 19.45, v\u00e4lkomnar alla medlemmar.<\/p>\n\n\n\n<p>Det andra passet, mellan 19.45 och 21.15, \u00e4r s\u00e4rskilt reserverat f\u00f6r v\u00e5ra serielagsspelare och mer erfarna medlemmar. Detta pass fokuserar p\u00e5 spel av h\u00f6gre niv\u00e5, d\u00e4r mer avancerade tekniker och strategier kan utforskas och utvecklas.<\/p>\n\n\n\n<p>V\u00e5ra klubbkv\u00e4llar \u00e4r mer \u00e4n bara spel \u2013 de \u00e4r en k\u00e4rnpunkt i v\u00e5r klubbkultur, d\u00e4r vi st\u00e4rker banden mellan medlemmar och har kul p\u00e5 banan. <\/p>\n\n\n\n<p>Om du \u00e4r nyfiken p\u00e5 att testa squash och inte \u00e4r medlem \u00e4n, \u00e4r du v\u00e4lkommen att vara med under en klubbkv\u00e4ll. F\u00f6r en liten peng till hallen f\u00e5r du en chans att prova p\u00e5, f\u00e5 en k\u00e4nsla f\u00f6r spelet och samtidigt l\u00e4ra k\u00e4nna alla i g\u00e4nget.. Hoppas vi ses d\u00e4r!<br><br>H\u00f6r av dig till:<\/p>\n\n\n\n<figure class=\"wp-block-image size-full\"><img decoding=\"async\" loading=\"lazy\" width=\"211\" height=\"36\" src=\"https:\/\/www.stockholmwest.se\/wp-content\/uploads\/2024\/04\/infoAtStockholmWest.png\" alt=\"\" class=\"wp-image-98\"\/><\/figure>\n","protected":false},"excerpt":{"rendered":"<p>Vi arrangerar klubbkv\u00e4llar, ett tillf\u00e4lle f\u00f6r v\u00e5ra medlemmar att m\u00f6tas p\u00e5 banan och lira. Varje s\u00f6ndag mellan kl. 17.30 till 19.00 f\u00f6r alla medlemmar. P\u00e5 onsdagar har vi tv\u00e5 pass. Det f\u00f6rsta passet, fr\u00e5n 18.15 till 19.45, v\u00e4lkomnar alla medlemmar. Det andra passet, mellan 19.45 och 21.15, \u00e4r s\u00e4rskilt reserverat f\u00f6r v\u00e5ra serielagsspelare och mer [&hellip;]<\/p>\n","protected":false},"author":1,"featured_media":65,"parent":0,"menu_order":0,"comment_status":"closed","ping_status":"closed","template":"","meta":{"_mi_skip_tracking":false},"yoast_head":"<!-- This site is optimized with the Yoast SEO plugin v20.2.1 - https:\/\/yoast.com\/wordpress\/plugins\/seo\/ -->\n<title>Klubbkv\u00e4llar - Stockholm West Squash Club<\/title>\n<meta name=\"robots\" content=\"index, follow, max-snippet:-1, max-image-preview:large, max-video-preview:-1\" \/>\n<link rel=\"canonical\" href=\"https:\/\/www.stockholmwest.se\/?page_id=13\" \/>\n<meta property=\"og:locale\" content=\"sv_SE\" \/>\n<meta property=\"og:type\" content=\"article\" \/>\n<meta property=\"og:title\" content=\"Klubbkv\u00e4llar - Stockholm West Squash Club\" \/>\n<meta property=\"og:description\" content=\"Vi arrangerar klubbkv\u00e4llar, ett tillf\u00e4lle f\u00f6r v\u00e5ra medlemmar att m\u00f6tas p\u00e5 banan och lira. Varje s\u00f6ndag mellan kl. 17.30 till 19.00 f\u00f6r alla medlemmar. P\u00e5 onsdagar har vi tv\u00e5 pass. Det f\u00f6rsta passet, fr\u00e5n 18.15 till 19.45, v\u00e4lkomnar alla medlemmar. Det andra passet, mellan 19.45 och 21.15, \u00e4r s\u00e4rskilt reserverat f\u00f6r v\u00e5ra serielagsspelare och mer [&hellip;]\" \/>\n<meta property=\"og:url\" content=\"https:\/\/www.stockholmwest.se\/?page_id=13\" \/>\n<meta property=\"og:site_name\" content=\"Stockholm West Squash Club\" \/>\n<meta property=\"article:publisher\" content=\"https:\/\/www.facebook.com\/groups\/153496818182889\/\" \/>\n<meta property=\"article:modified_time\" content=\"2025-11-12T18:57:41+00:00\" \/>\n<meta property=\"og:image\" content=\"https:\/\/www.stockholmwest.se\/wp-content\/uploads\/2024\/04\/klubbkvall.jpg\" \/>\n\t<meta property=\"og:image:width\" content=\"2048\" \/>\n\t<meta property=\"og:image:height\" content=\"1480\" \/>\n\t<meta property=\"og:image:type\" content=\"image\/jpeg\" \/>\n<meta name=\"twitter:card\" content=\"summary_large_image\" \/>\n<meta name=\"twitter:label1\" content=\"Ber\u00e4knad l\u00e4stid\" \/>\n\t<meta name=\"twitter:data1\" content=\"1 minut\" \/>\n<script type=\"application\/ld+json\" class=\"yoast-schema-graph\">{\"@context\":\"https:\/\/schema.org\",\"@graph\":[{\"@type\":\"WebPage\",\"@id\":\"https:\/\/www.stockholmwest.se\/?page_id=13\",\"url\":\"https:\/\/www.stockholmwest.se\/?page_id=13\",\"name\":\"Klubbkv\u00e4llar - Stockholm West Squash Club\",\"isPartOf\":{\"@id\":\"https:\/\/www.stockholmwest.se\/#website\"},\"datePublished\":\"2023-06-06T09:42:48+00:00\",\"dateModified\":\"2025-11-12T18:57:41+00:00\",\"breadcrumb\":{\"@id\":\"https:\/\/www.stockholmwest.se\/?page_id=13#breadcrumb\"},\"inLanguage\":\"sv-SE\",\"potentialAction\":[{\"@type\":\"ReadAction\",\"target\":[\"https:\/\/www.stockholmwest.se\/?page_id=13\"]}]},{\"@type\":\"BreadcrumbList\",\"@id\":\"https:\/\/www.stockholmwest.se\/?page_id=13#breadcrumb\",\"itemListElement\":[{\"@type\":\"ListItem\",\"position\":1,\"name\":\"Home\",\"item\":\"https:\/\/www.stockholmwest.se\/\"},{\"@type\":\"ListItem\",\"position\":2,\"name\":\"Klubbkv\u00e4llar\"}]},{\"@type\":\"WebSite\",\"@id\":\"https:\/\/www.stockholmwest.se\/#website\",\"url\":\"https:\/\/www.stockholmwest.se\/\",\"name\":\"Stockholm West Squash Club\",\"description\":\"\",\"publisher\":{\"@id\":\"https:\/\/www.stockholmwest.se\/#organization\"},\"potentialAction\":[{\"@type\":\"SearchAction\",\"target\":{\"@type\":\"EntryPoint\",\"urlTemplate\":\"https:\/\/www.stockholmwest.se\/?s={search_term_string}\"},\"query-input\":\"required name=search_term_string\"}],\"inLanguage\":\"sv-SE\"},{\"@type\":\"Organization\",\"@id\":\"https:\/\/www.stockholmwest.se\/#organization\",\"name\":\"Stockholm West Squash Club\",\"url\":\"https:\/\/www.stockholmwest.se\/\",\"logo\":{\"@type\":\"ImageObject\",\"inLanguage\":\"sv-SE\",\"@id\":\"https:\/\/www.stockholmwest.se\/#\/schema\/logo\/image\/\",\"url\":\"https:\/\/www.stockholmwest.se\/wp-content\/uploads\/2023\/06\/Stockholm-West-SC-logo.jpg\",\"contentUrl\":\"https:\/\/www.stockholmwest.se\/wp-content\/uploads\/2023\/06\/Stockholm-West-SC-logo.jpg\",\"width\":116,\"height\":173,\"caption\":\"Stockholm West Squash Club\"},\"image\":{\"@id\":\"https:\/\/www.stockholmwest.se\/#\/schema\/logo\/image\/\"},\"sameAs\":[\"https:\/\/www.facebook.com\/groups\/153496818182889\/\"]}]}<\/script>\n<!-- \/ Yoast SEO plugin. -->","yoast_head_json":{"title":"Klubbkv\u00e4llar - Stockholm West Squash Club","robots":{"index":"index","follow":"follow","max-snippet":"max-snippet:-1","max-image-preview":"max-image-preview:large","max-video-preview":"max-video-preview:-1"},"canonical":"https:\/\/www.stockholmwest.se\/?page_id=13","og_locale":"sv_SE","og_type":"article","og_title":"Klubbkv\u00e4llar - Stockholm West Squash Club","og_description":"Vi arrangerar klubbkv\u00e4llar, ett tillf\u00e4lle f\u00f6r v\u00e5ra medlemmar att m\u00f6tas p\u00e5 banan och lira. Varje s\u00f6ndag mellan kl. 17.30 till 19.00 f\u00f6r alla medlemmar. P\u00e5 onsdagar har vi tv\u00e5 pass. Det f\u00f6rsta passet, fr\u00e5n 18.15 till 19.45, v\u00e4lkomnar alla medlemmar. Det andra passet, mellan 19.45 och 21.15, \u00e4r s\u00e4rskilt reserverat f\u00f6r v\u00e5ra serielagsspelare och mer [&hellip;]","og_url":"https:\/\/www.stockholmwest.se\/?page_id=13","og_site_name":"Stockholm West Squash Club","article_publisher":"https:\/\/www.facebook.com\/groups\/153496818182889\/","article_modified_time":"2025-11-12T18:57:41+00:00","og_image":[{"width":2048,"height":1480,"url":"https:\/\/www.stockholmwest.se\/wp-content\/uploads\/2024\/04\/klubbkvall.jpg","type":"image\/jpeg"}],"twitter_card":"summary_large_image","twitter_misc":{"Ber\u00e4knad l\u00e4stid":"1 minut"},"schema":{"@context":"https:\/\/schema.org","@graph":[{"@type":"WebPage","@id":"https:\/\/www.stockholmwest.se\/?page_id=13","url":"https:\/\/www.stockholmwest.se\/?page_id=13","name":"Klubbkv\u00e4llar - Stockholm West Squash Club","isPartOf":{"@id":"https:\/\/www.stockholmwest.se\/#website"},"datePublished":"2023-06-06T09:42:48+00:00","dateModified":"2025-11-12T18:57:41+00:00","breadcrumb":{"@id":"https:\/\/www.stockholmwest.se\/?page_id=13#breadcrumb"},"inLanguage":"sv-SE","potentialAction":[{"@type":"ReadAction","target":["https:\/\/www.stockholmwest.se\/?page_id=13"]}]},{"@type":"BreadcrumbList","@id":"https:\/\/www.stockholmwest.se\/?page_id=13#breadcrumb","itemListElement":[{"@type":"ListItem","position":1,"name":"Home","item":"https:\/\/www.stockholmwest.se\/"},{"@type":"ListItem","position":2,"name":"Klubbkv\u00e4llar"}]},{"@type":"WebSite","@id":"https:\/\/www.stockholmwest.se\/#website","url":"https:\/\/www.stockholmwest.se\/","name":"Stockholm West Squash Club","description":"","publisher":{"@id":"https:\/\/www.stockholmwest.se\/#organization"},"potentialAction":[{"@type":"SearchAction","target":{"@type":"EntryPoint","urlTemplate":"https:\/\/www.stockholmwest.se\/?s={search_term_string}"},"query-input":"required name=search_term_string"}],"inLanguage":"sv-SE"},{"@type":"Organization","@id":"https:\/\/www.stockholmwest.se\/#organization","name":"Stockholm West Squash Club","url":"https:\/\/www.stockholmwest.se\/","logo":{"@type":"ImageObject","inLanguage":"sv-SE","@id":"https:\/\/www.stockholmwest.se\/#\/schema\/logo\/image\/","url":"https:\/\/www.stockholmwest.se\/wp-content\/uploads\/2023\/06\/Stockholm-West-SC-logo.jpg","contentUrl":"https:\/\/www.stockholmwest.se\/wp-content\/uploads\/2023\/06\/Stockholm-West-SC-logo.jpg","width":116,"height":173,"caption":"Stockholm West Squash Club"},"image":{"@id":"https:\/\/www.stockholmwest.se\/#\/schema\/logo\/image\/"},"sameAs":["https:\/\/www.facebook.com\/groups\/153496818182889\/"]}]}},"_links":{"self":[{"href":"https:\/\/www.stockholmwest.se\/index.php?rest_route=\/wp\/v2\/pages\/13"}],"collection":[{"href":"https:\/\/www.stockholmwest.se\/index.php?rest_route=\/wp\/v2\/pages"}],"about":[{"href":"https:\/\/www.stockholmwest.se\/index.php?rest_route=\/wp\/v2\/types\/page"}],"author":[{"embeddable":true,"href":"https:\/\/www.stockholmwest.se\/index.php?rest_route=\/wp\/v2\/users\/1"}],"replies":[{"embeddable":true,"href":"https:\/\/www.stockholmwest.se\/index.php?rest_route=%2Fwp%2Fv2%2Fcomments&post=13"}],"version-history":[{"count":5,"href":"https:\/\/www.stockholmwest.se\/index.php?rest_route=\/wp\/v2\/pages\/13\/revisions"}],"predecessor-version":[{"id":158,"href":"https:\/\/www.stockholmwest.se\/index.php?rest_route=\/wp\/v2\/pages\/13\/revisions\/158"}],"wp:featuredmedia":[{"embeddable":true,"href":"https:\/\/www.stockholmwest.se\/index.php?rest_route=\/wp\/v2\/media\/65"}],"wp:attachment":[{"href":"https:\/\/www.stockholmwest.se\/index.php?rest_route=%2Fwp%2Fv2%2Fmedia&parent=13"}],"curies":[{"name":"wp","href":"https:\/\/api.w.org\/{rel}","templated":true}]}}