{"id":161,"date":"2025-11-15T22:39:53","date_gmt":"2025-11-15T21:39:53","guid":{"rendered":"https:\/\/www.stockholmwest.se\/?page_id=161"},"modified":"2025-11-30T20:00:16","modified_gmt":"2025-11-30T19:00:16","slug":"klubbmasterskap","status":"publish","type":"page","link":"https:\/\/www.stockholmwest.se\/?page_id=161","title":{"rendered":"KLUBBM\u00c4STERSKAP"},"content":{"rendered":"\n<figure class=\"wp-block-image size-large\"><img decoding=\"async\" loading=\"lazy\" width=\"1024\" height=\"854\" src=\"https:\/\/www.stockholmwest.se\/wp-content\/uploads\/2025\/11\/IMG_3377-1024x854.jpeg\" alt=\"\" class=\"wp-image-181\" srcset=\"https:\/\/www.stockholmwest.se\/wp-content\/uploads\/2025\/11\/IMG_3377-1024x854.jpeg 1024w, https:\/\/www.stockholmwest.se\/wp-content\/uploads\/2025\/11\/IMG_3377-300x250.jpeg 300w, https:\/\/www.stockholmwest.se\/wp-content\/uploads\/2025\/11\/IMG_3377-768x641.jpeg 768w, https:\/\/www.stockholmwest.se\/wp-content\/uploads\/2025\/11\/IMG_3377-1536x1281.jpeg 1536w, https:\/\/www.stockholmwest.se\/wp-content\/uploads\/2025\/11\/IMG_3377-2048x1708.jpeg 2048w, https:\/\/www.stockholmwest.se\/wp-content\/uploads\/2025\/11\/IMG_3377-676x564.jpeg 676w\" sizes=\"(max-width: 1024px) 100vw, 1024px\" \/><\/figure>\n\n\n<p><strong>L\u00f6rdagen den 29 november spelades Klubbm\u00e4sterskapen 2025.\u00a0<\/strong><\/p>\n<p>\u00c5tta k\u00e4mpar kom till spel. Den \u00f6ppna klassen vanns av Olof Forsberg med Juan Garcia p\u00e5 andra plats och Mark Lal p\u00e5 tredje plats. Motionsklassen vanns av Christian Gonzalez. Det blev m\u00e5nga fina matcher och en trevlig eftermiddag i klubbens regi. Ett stort tack till Juan som sponsrade med t-shirts och tr\u00e4ningsshorts till alla deltagare.<\/p>\n<p><em>P\u00e5 bilden saknas Scott Brotherton och Juan Garcia.<\/em><\/p>\n\n\n<p><\/p>\n","protected":false},"excerpt":{"rendered":"<p>L\u00f6rdagen den 29 november spelades Klubbm\u00e4sterskapen 2025.\u00a0 \u00c5tta k\u00e4mpar kom till spel. Den \u00f6ppna klassen vanns av Olof Forsberg med Juan Garcia p\u00e5 andra plats och Mark Lal p\u00e5 tredje plats. Motionsklassen vanns av Christian Gonzalez. Det blev m\u00e5nga fina matcher och en trevlig eftermiddag i klubbens regi. Ett stort tack till Juan som sponsrade [&hellip;]<\/p>\n","protected":false},"author":1,"featured_media":0,"parent":0,"menu_order":0,"comment_status":"closed","ping_status":"closed","template":"","meta":{"_mi_skip_tracking":false},"yoast_head":"<!-- This site is optimized with the Yoast SEO plugin v20.2.1 - https:\/\/yoast.com\/wordpress\/plugins\/seo\/ -->\n<title>KLUBBM\u00c4STERSKAP - Stockholm West Squash Club<\/title>\n<meta name=\"robots\" content=\"index, follow, max-snippet:-1, max-image-preview:large, max-video-preview:-1\" \/>\n<link rel=\"canonical\" href=\"https:\/\/www.stockholmwest.se\/?page_id=161\" \/>\n<meta property=\"og:locale\" content=\"sv_SE\" \/>\n<meta property=\"og:type\" content=\"article\" \/>\n<meta property=\"og:title\" content=\"KLUBBM\u00c4STERSKAP - Stockholm West Squash Club\" \/>\n<meta property=\"og:description\" content=\"L\u00f6rdagen den 29 november spelades Klubbm\u00e4sterskapen 2025.\u00a0 \u00c5tta k\u00e4mpar kom till spel. Den \u00f6ppna klassen vanns av Olof Forsberg med Juan Garcia p\u00e5 andra plats och Mark Lal p\u00e5 tredje plats. Motionsklassen vanns av Christian Gonzalez. Det blev m\u00e5nga fina matcher och en trevlig eftermiddag i klubbens regi. Ett stort tack till Juan som sponsrade [&hellip;]\" \/>\n<meta property=\"og:url\" content=\"https:\/\/www.stockholmwest.se\/?page_id=161\" \/>\n<meta property=\"og:site_name\" content=\"Stockholm West Squash Club\" \/>\n<meta property=\"article:publisher\" content=\"https:\/\/www.facebook.com\/groups\/153496818182889\/\" \/>\n<meta property=\"article:modified_time\" content=\"2025-11-30T19:00:16+00:00\" \/>\n<meta property=\"og:image\" content=\"https:\/\/www.stockholmwest.se\/wp-content\/uploads\/2025\/11\/IMG_3377-1024x854.jpeg\" \/>\n<meta name=\"twitter:card\" content=\"summary_large_image\" \/>\n<meta name=\"twitter:label1\" content=\"Ber\u00e4knad l\u00e4stid\" \/>\n\t<meta name=\"twitter:data1\" content=\"1 minut\" \/>\n<script type=\"application\/ld+json\" class=\"yoast-schema-graph\">{\"@context\":\"https:\/\/schema.org\",\"@graph\":[{\"@type\":\"WebPage\",\"@id\":\"https:\/\/www.stockholmwest.se\/?page_id=161\",\"url\":\"https:\/\/www.stockholmwest.se\/?page_id=161\",\"name\":\"KLUBBM\u00c4STERSKAP - Stockholm West Squash Club\",\"isPartOf\":{\"@id\":\"https:\/\/www.stockholmwest.se\/#website\"},\"datePublished\":\"2025-11-15T21:39:53+00:00\",\"dateModified\":\"2025-11-30T19:00:16+00:00\",\"breadcrumb\":{\"@id\":\"https:\/\/www.stockholmwest.se\/?page_id=161#breadcrumb\"},\"inLanguage\":\"sv-SE\",\"potentialAction\":[{\"@type\":\"ReadAction\",\"target\":[\"https:\/\/www.stockholmwest.se\/?page_id=161\"]}]},{\"@type\":\"BreadcrumbList\",\"@id\":\"https:\/\/www.stockholmwest.se\/?page_id=161#breadcrumb\",\"itemListElement\":[{\"@type\":\"ListItem\",\"position\":1,\"name\":\"Home\",\"item\":\"https:\/\/www.stockholmwest.se\/\"},{\"@type\":\"ListItem\",\"position\":2,\"name\":\"KLUBBM\u00c4STERSKAP\"}]},{\"@type\":\"WebSite\",\"@id\":\"https:\/\/www.stockholmwest.se\/#website\",\"url\":\"https:\/\/www.stockholmwest.se\/\",\"name\":\"Stockholm West Squash Club\",\"description\":\"\",\"publisher\":{\"@id\":\"https:\/\/www.stockholmwest.se\/#organization\"},\"potentialAction\":[{\"@type\":\"SearchAction\",\"target\":{\"@type\":\"EntryPoint\",\"urlTemplate\":\"https:\/\/www.stockholmwest.se\/?s={search_term_string}\"},\"query-input\":\"required name=search_term_string\"}],\"inLanguage\":\"sv-SE\"},{\"@type\":\"Organization\",\"@id\":\"https:\/\/www.stockholmwest.se\/#organization\",\"name\":\"Stockholm West Squash Club\",\"url\":\"https:\/\/www.stockholmwest.se\/\",\"logo\":{\"@type\":\"ImageObject\",\"inLanguage\":\"sv-SE\",\"@id\":\"https:\/\/www.stockholmwest.se\/#\/schema\/logo\/image\/\",\"url\":\"https:\/\/www.stockholmwest.se\/wp-content\/uploads\/2023\/06\/Stockholm-West-SC-logo.jpg\",\"contentUrl\":\"https:\/\/www.stockholmwest.se\/wp-content\/uploads\/2023\/06\/Stockholm-West-SC-logo.jpg\",\"width\":116,\"height\":173,\"caption\":\"Stockholm West Squash Club\"},\"image\":{\"@id\":\"https:\/\/www.stockholmwest.se\/#\/schema\/logo\/image\/\"},\"sameAs\":[\"https:\/\/www.facebook.com\/groups\/153496818182889\/\"]}]}<\/script>\n<!-- \/ Yoast SEO plugin. -->","yoast_head_json":{"title":"KLUBBM\u00c4STERSKAP - Stockholm West Squash Club","robots":{"index":"index","follow":"follow","max-snippet":"max-snippet:-1","max-image-preview":"max-image-preview:large","max-video-preview":"max-video-preview:-1"},"canonical":"https:\/\/www.stockholmwest.se\/?page_id=161","og_locale":"sv_SE","og_type":"article","og_title":"KLUBBM\u00c4STERSKAP - Stockholm West Squash Club","og_description":"L\u00f6rdagen den 29 november spelades Klubbm\u00e4sterskapen 2025.\u00a0 \u00c5tta k\u00e4mpar kom till spel. Den \u00f6ppna klassen vanns av Olof Forsberg med Juan Garcia p\u00e5 andra plats och Mark Lal p\u00e5 tredje plats. Motionsklassen vanns av Christian Gonzalez. Det blev m\u00e5nga fina matcher och en trevlig eftermiddag i klubbens regi. Ett stort tack till Juan som sponsrade [&hellip;]","og_url":"https:\/\/www.stockholmwest.se\/?page_id=161","og_site_name":"Stockholm West Squash Club","article_publisher":"https:\/\/www.facebook.com\/groups\/153496818182889\/","article_modified_time":"2025-11-30T19:00:16+00:00","og_image":[{"url":"https:\/\/www.stockholmwest.se\/wp-content\/uploads\/2025\/11\/IMG_3377-1024x854.jpeg"}],"twitter_card":"summary_large_image","twitter_misc":{"Ber\u00e4knad l\u00e4stid":"1 minut"},"schema":{"@context":"https:\/\/schema.org","@graph":[{"@type":"WebPage","@id":"https:\/\/www.stockholmwest.se\/?page_id=161","url":"https:\/\/www.stockholmwest.se\/?page_id=161","name":"KLUBBM\u00c4STERSKAP - Stockholm West Squash Club","isPartOf":{"@id":"https:\/\/www.stockholmwest.se\/#website"},"datePublished":"2025-11-15T21:39:53+00:00","dateModified":"2025-11-30T19:00:16+00:00","breadcrumb":{"@id":"https:\/\/www.stockholmwest.se\/?page_id=161#breadcrumb"},"inLanguage":"sv-SE","potentialAction":[{"@type":"ReadAction","target":["https:\/\/www.stockholmwest.se\/?page_id=161"]}]},{"@type":"BreadcrumbList","@id":"https:\/\/www.stockholmwest.se\/?page_id=161#breadcrumb","itemListElement":[{"@type":"ListItem","position":1,"name":"Home","item":"https:\/\/www.stockholmwest.se\/"},{"@type":"ListItem","position":2,"name":"KLUBBM\u00c4STERSKAP"}]},{"@type":"WebSite","@id":"https:\/\/www.stockholmwest.se\/#website","url":"https:\/\/www.stockholmwest.se\/","name":"Stockholm West Squash Club","description":"","publisher":{"@id":"https:\/\/www.stockholmwest.se\/#organization"},"potentialAction":[{"@type":"SearchAction","target":{"@type":"EntryPoint","urlTemplate":"https:\/\/www.stockholmwest.se\/?s={search_term_string}"},"query-input":"required name=search_term_string"}],"inLanguage":"sv-SE"},{"@type":"Organization","@id":"https:\/\/www.stockholmwest.se\/#organization","name":"Stockholm West Squash Club","url":"https:\/\/www.stockholmwest.se\/","logo":{"@type":"ImageObject","inLanguage":"sv-SE","@id":"https:\/\/www.stockholmwest.se\/#\/schema\/logo\/image\/","url":"https:\/\/www.stockholmwest.se\/wp-content\/uploads\/2023\/06\/Stockholm-West-SC-logo.jpg","contentUrl":"https:\/\/www.stockholmwest.se\/wp-content\/uploads\/2023\/06\/Stockholm-West-SC-logo.jpg","width":116,"height":173,"caption":"Stockholm West Squash Club"},"image":{"@id":"https:\/\/www.stockholmwest.se\/#\/schema\/logo\/image\/"},"sameAs":["https:\/\/www.facebook.com\/groups\/153496818182889\/"]}]}},"_links":{"self":[{"href":"https:\/\/www.stockholmwest.se\/index.php?rest_route=\/wp\/v2\/pages\/161"}],"collection":[{"href":"https:\/\/www.stockholmwest.se\/index.php?rest_route=\/wp\/v2\/pages"}],"about":[{"href":"https:\/\/www.stockholmwest.se\/index.php?rest_route=\/wp\/v2\/types\/page"}],"author":[{"embeddable":true,"href":"https:\/\/www.stockholmwest.se\/index.php?rest_route=\/wp\/v2\/users\/1"}],"replies":[{"embeddable":true,"href":"https:\/\/www.stockholmwest.se\/index.php?rest_route=%2Fwp%2Fv2%2Fcomments&post=161"}],"version-history":[{"count":5,"href":"https:\/\/www.stockholmwest.se\/index.php?rest_route=\/wp\/v2\/pages\/161\/revisions"}],"predecessor-version":[{"id":185,"href":"https:\/\/www.stockholmwest.se\/index.php?rest_route=\/wp\/v2\/pages\/161\/revisions\/185"}],"wp:attachment":[{"href":"https:\/\/www.stockholmwest.se\/index.php?rest_route=%2Fwp%2Fv2%2Fmedia&parent=161"}],"curies":[{"name":"wp","href":"https:\/\/api.w.org\/{rel}","templated":true}]}}